{"id":1522,"date":"2023-11-16T14:52:06","date_gmt":"2023-11-16T11:52:06","guid":{"rendered":"https:\/\/driveawaycorfu.com\/terms-conditions\/"},"modified":"2025-01-10T22:29:02","modified_gmt":"2025-01-10T19:29:02","slug":"terms-conditions","status":"publish","type":"page","link":"https:\/\/driveawaycorfu.com\/de\/terms-conditions\/","title":{"rendered":"Allgemeine Gesch\u00e4ftsbedingungen"},"content":{"rendered":"<h2>1.Inklusive Dienstleistungen<\/h2>\n<ul>\n<li>Haftpflichtversicherung (HP)<\/li>\n<li>Kollisionsschadenversicherung (CDW)<\/li>\n<li>Diebstahlschutz (TP)<\/li>\n<li>Feuerversicherung (FI)<\/li>\n<li>Unfallversicherung (PAI)<\/li>\n<li>Kostenlose Flughafenzustellung<\/li>\n<li>24-Stunden-Hotline f\u00fcr Unterst\u00fctzung<\/li>\n<li>24-Stunden-Pannenhilfe<\/li>\n<li>Unbegrenzte Kilometer<\/li>\n<li>Kostenlose Stornierung<\/li>\n<li>Stra\u00dfenkarte von Korfu<\/li>\n<li>Steuern &amp; Mehrwertsteuer inbegriffen<\/li>\n<\/ul>\n<h2>2.Reservierungen<\/h2>\n<p>Wenn das gew\u00e4hlte Fahrzeug nicht verf\u00fcgbar ist, behalten wir uns das Recht vor, ein Fahrzeug der gleichen oder h\u00f6heren Kategorie ohne zus\u00e4tzliche Kosten bereitzustellen.<\/p>\n<h2>3.Fahreralter<\/h2>\n<ul>\n<li>Autos: Mindestalter f\u00fcr Fahrer betr\u00e4gt 21 Jahre.<\/li>\n<li>Fahrzeuggruppe Economy Plus: Mindestalter f\u00fcr Fahrer betr\u00e4gt 18 Jahre.<\/li>\n<li>Roller (50cc-125cc-150cc): Mindestalter betr\u00e4gt 18 Jahre.<\/li>\n<li>Roller (200cc-300cc-350cc-500cc): Mindestalter betr\u00e4gt 23 Jahre.<\/li>\n<li>Roller und Motorr\u00e4der (501cc und mehr): Mindestalter betr\u00e4gt 25 Jahre.<\/li>\n<li>Quads\/ATVs (50cc-200cc): Mindestalter betr\u00e4gt 18 Jahre.<\/li>\n<li>Quads\/ATVs (200cc-450cc): Mindestalter betr\u00e4gt 20 Jahre.<\/li>\n<li>Quads\/ATVs (450cc und mehr): Mindestalter betr\u00e4gt 21 Jahre.<\/li>\n<\/ul>\n<h2>4.F\u00fchrerscheine (F\u00fcr Autos)<\/h2>\n<ul>\n<li>Fahrer m\u00fcssen im Besitz eines g\u00fcltigen F\u00fchrerscheins sein, der mindestens ein Jahr vor der Anmietung des Fahrzeugs ausgestellt wurde.<\/li>\n<li>B\u00fcrger von Nicht-EU-L\u00e4ndern (mit Ausnahme des Vereinigten K\u00f6nigreichs) m\u00fcssen sowohl einen g\u00fcltigen internationalen F\u00fchrerschein als auch einen nationalen F\u00fchrerschein ihres Heimatlandes vorlegen.<\/li>\n<li>Vorl\u00e4ufige F\u00fchrerscheine werden nicht akzeptiert.<\/li>\n<\/ul>\n<h2>5.F\u00fchrerscheinanforderungen (f\u00fcr Motorroller, Motorr\u00e4der, Quads\/ATVs)<\/h2>\n<ul>\n<li>Alle Fahrer m\u00fcssen einen g\u00fcltigen und vollst\u00e4ndigen F\u00fchrerschein vorlegen.<\/li>\n<li>B\u00fcrger aus Nicht-EU-L\u00e4ndern (mit Ausnahme des Vereinigten K\u00f6nigreichs) m\u00fcssen sowohl einen g\u00fcltigen internationalen F\u00fchrerschein als auch einen gew\u00f6hnlichen F\u00fchrerschein ihres Heimatlandes vorlegen.<\/li>\n<li>Vorl\u00e4ufige F\u00fchrerscheine werden nicht akzeptiert.<\/li>\n<\/ul>\n<p><strong>Fahrzeugkategorien und Lizenzanforderungen<\/strong><\/p>\n<ul>\n<li><strong>50cc 2-Takt Roller (Kymco People, Derbi Bulevard, Derbi Variant): Kategorie AM oder A1 oder A2 oder A.<\/strong><\/li>\n<li><strong>50cc Roller (Sym Orbit, Kymco Agility, Sym Symphony, Piaggio Liberty, Aprilia SXR, Piaggio Zip): Kategorie B (F\u00fchrerschein f\u00fcr Autos) oder AM oder A1 oder A2 oder A.<\/strong><\/li>\n<li><strong>Roller 110cc und 125cc: Kategorie A1 oder A2 oder A (ohne die Einschr\u00e4nkungs-Codes 79.03, 79(3), 79.04, 79(4), 79(2)).<\/strong><\/li>\n<li><strong>Roller 125cc bis 350cc: Kategorie A2 oder A (ohne die Einschr\u00e4nkungs-Codes 79.03, 79(3), 79.04, 79(4), 79(2)).<\/strong><\/li>\n<li><strong>Roller und Motorr\u00e4der \u00fcber 350cc: Kategorie A (ohne die Einschr\u00e4nkungs-Codes 79.03, 79(3), 79.04, 79(4), 79(2)).<\/strong><\/li>\n<li><strong>Quads\/ATVs 50cc, 80cc: Kategorie AM oder A1 oder A2 oder A.<\/strong><\/li>\n<li><strong>Quads\/ATVs 150cc bis 650cc: Kategorie B (F\u00fchrerschein f\u00fcr Autos).<\/strong><\/li>\n<li><strong>Piaggio Mp3 300cc (3-Rad-Fahrzeug): Europ\u00e4ischer F\u00fchrerschein: A1 oder A2 oder B (B erforderlich nur, wenn der F\u00fchrerschein vor dem 18.01.2013 ausgestellt wurde).<\/strong><\/li>\n<\/ul>\n<p><span style=\"font-size: 18pt;\"><strong>6. Verkehrsverst\u00f6\u00dfe \/ Bu\u00dfgelder<\/strong><\/span><br \/>\nAlle Bu\u00dfgelder, Geb\u00fchren und Strafen, die von einer griechischen Beh\u00f6rde verh\u00e4ngt werden, sind vom Mieter zu tragen. Der Mieter erkl\u00e4rt sich damit einverstanden, dass diese in bar oder durch Belastung der Kreditkarte des Mieters bezahlt werden.<\/p>\n<p><span style=\"font-size: 18pt;\"><strong>7. Zahlungsmethoden<\/strong><\/span><br \/>\nAlle Zahlungen m\u00fcssen vollst\u00e4ndig in bar oder per Karte bei der Abholung oder online per Karte erfolgen.<\/p>\n<p><span style=\"font-size: 18pt;\"><strong>8. Stornierungsbedingungen<\/strong><\/span><br \/>\nKeine Stornogeb\u00fchren. Bitte benachrichtigen Sie uns so schnell wie m\u00f6glich \u00fcber eine Stornierung.<\/p>\n<p><span style=\"font-size: 18pt;\"><strong>9. Tankregelung<\/strong><\/span><br \/>\nDer Mieter ist verpflichtet, das Fahrzeug mit der gleichen Menge Kraftstoff zur\u00fcckzugeben, wie es bei der Abholung hatte. Bei R\u00fcckgabe des Fahrzeugs mit weniger Kraftstoff wird der Mieter f\u00fcr den Kraftstoffunterschied belastet. Es gibt keine R\u00fcckerstattung f\u00fcr Fahrzeuge, die mit mehr Kraftstoff als zum Zeitpunkt der Abholung zur\u00fcckgegeben werden.<\/p>\n<h2>10.Unfallmeldung<\/h2>\n<ul>\n<li>Im Falle eines Unfalls ist es wichtig, dass der Mieter Driveaway und die Beh\u00f6rden (Polizei) umgehend informiert.<\/li>\n<li>Die Meldung des Unfalls bei der Polizeistation ist ein entscheidender Schritt.<\/li>\n<li>Unterl\u00e4sst es der Mieter, Driveaway und die Polizei zu informieren, ist der Mieter f\u00fcr alle Sch\u00e4den am Fahrzeug sowie f\u00fcr etwaige Einnahmeverluste w\u00e4hrend der Reparaturzeit verantwortlich, da das Fahrzeug in dieser Zeit nicht zur Verf\u00fcgung steht.<\/li>\n<\/ul>\n<h2>11.Versicherungsbedingungen<\/h2>\n<ul>\n<li>Deckung: Die Versicherung von Driveaway deckt automatisch alle Anspr\u00fcche Dritter ab, mit Ausnahme von Sch\u00e4den an Reifen, R\u00e4dern, Unterboden und dem Innenraum des Fahrzeugs.<\/li>\n<li>Selbstbehalt-Zuschlag: Wenn der Mieter keine zus\u00e4tzliche Versicherung w\u00e4hlt und das Fahrzeug gestohlen, besch\u00e4digt oder in einen Unfall verwickelt wird, erhebt Driveaway eine Geb\u00fchr basierend auf dem Selbstbehalt des Fahrzeugs.<\/li>\n<li>Der Mieter muss den Schl\u00fcssel jederzeit bei sich haben, um eine Zusatzgeb\u00fchr im Falle eines Vorfalls zu vermeiden.<\/li>\n<li>Der Mieter muss sich \u00fcber all diese F\u00e4lle im Klaren sein, um Zusatzgeb\u00fchren zu vermeiden.<\/li>\n<li>Feststellung der Haftung: Wenn der Mieter vor Gericht nachweisen kann, dass er rechtlich nicht f\u00fcr den Unfall verantwortlich ist (d.h. der Mieter war nicht schuld), erfolgt eine R\u00fcckerstattung des gezahlten Selbstbehalts.<\/li>\n<li>Reduzierter Selbstbehalt: Die Wahl von SCDW f\u00fcr Autos oder CDW f\u00fcr Roller, Motorr\u00e4der oder Quads\/ATVs w\u00e4hrend der Buchung reduziert den Aufpreis auf den entsprechenden Selbstbehalt des Fahrzeugs.<\/li>\n<li>Alle Versicherungen decken nicht den Unterboden, das Dach und das Innere des Fahrzeugs ab.<\/li>\n<\/ul>\n<h2>12.Fahrzeuge d\u00fcrfen nicht verwendet werden, wenn:<\/h2>\n<ul>\n<li>Gegen die Bedingungen dieses Vertrages versto\u00dfen wird.<\/li>\n<li>Der Stra\u00dfenverkehrsordnung nicht Folge geleistet wird.<\/li>\n<li>Die eingetragene Kapazit\u00e4t des Fahrzeugs \u00fcberschritten wird.<\/li>\n<li>Ein Fahrzeug, Anh\u00e4nger oder ein anderes Objekt geschleppt oder gezogen wird.<\/li>\n<li>Schweres Gep\u00e4ck oder Gegenst\u00e4nde transportiert werden.<\/li>\n<li>Entz\u00fcndliche, toxische oder geruchsintensive Waren transportiert werden.<\/li>\n<li>Gef\u00e4hrliche G\u00fcter, Sprengstoffe, Waffen oder andere verbotene Gegenst\u00e4nde transportiert werden.<\/li>\n<\/ul>\n<h2>13.Pannenhilfe<\/h2>\n<p>Pannenhilfe aufgrund von St\u00f6rungen und M\u00e4ngeln des Fahrzeugs wird dem Mieter kostenlos zur Verf\u00fcgung gestellt. Sollte das Fahrzeug nicht schnell repariert werden k\u00f6nnen, kann dem Mieter ein anderes Fahrzeug angeboten werden. Falls kein Ersatzfahrzeug verf\u00fcgbar ist, erh\u00e4lt der Mieter eine vollst\u00e4ndige R\u00fcckerstattung des gesamten Mietpreises.<\/p>\n<h2>14.Geografische Einschr\u00e4nkungen<\/h2>\n<p>Unter keinen Umst\u00e4nden darf das Fahrzeug ohne die vorherige schriftliche Genehmigung von Driveaway au\u00dferhalb von Korfu gefahren werden, da dies zus\u00e4tzliche Geb\u00fchren verursachen kann.<\/p>\n<h2>15.Schl\u00fcsselverlust<\/h2>\n<p>Wenn die Schl\u00fcssel verloren gehen oder besch\u00e4digt werden, ist der Mieter f\u00fcr die Ersatzkosten verantwortlich.<\/p>\n<h2>16.<span style=\"font-size: 18pt;\"><strong>Streitigkeiten<\/strong><\/span><\/h2>\n<p>Streitigkeiten, die zwischen dem Mieter und Driveaway nicht gel\u00f6st werden k\u00f6nnen, unterliegen der ausschlie\u00dflichen Zust\u00e4ndigkeit der griechischen Gerichte.<\/p>\n<h2>17.<span style=\"font-size: 18pt;\"><strong>Ordnungsgem\u00e4\u00dfe Nutzung des Mietfahrzeugs<\/strong><\/span><\/h2>\n<p>Die Versicherungsschutz und -befreiungen gelten unter der Voraussetzung, dass der Mieter alle Allgemeinen Gesch\u00e4ftsbedingungen einh\u00e4lt. Der Mieter ist f\u00fcr Reparaturkosten verantwortlich, wenn das Fahrzeug unsachgem\u00e4\u00df verwendet wird, einschlie\u00dflich:<\/p>\n<ul>\n<li>Driving off designated roads or off road or on unpaved roads.<\/li>\n<li>Violating traffic law (e.g., road\/STOP signs, speed limits, road direction, U-turns).<\/li>\n<li>Breaking parking rules.<\/li>\n<li>Ignoring hidden damages or accidents.<\/li>\n<li>Participating in road rallies or using the vehicle for reward (taxi or courier service).<\/li>\n<li>Allowing someone not explicitly referred to in the rental agreement to drive the vehicle.<\/li>\n<li>Driving under the influence of alcohol or drugs.<\/li>\n<li>Driving the vehicle off the agreed rental period.<\/li>\n<li>Intentionally or recklessly damaging the vehicle (e.g., burning out a clutch, sitting\/standing on the<br \/>\nbonnet\/boot\/roof or damaging the vehicle\u2019s interior).<\/li>\n<\/ul>\n","protected":false},"excerpt":{"rendered":"<p>1.Inklusive Dienstleistungen Haftpflichtversicherung (HP) Kollisionsschadenversicherung (CDW) Diebstahlschutz (TP) Feuerversicherung (FI) Unfallversicherung (PAI) Kostenlose Flughafenzustellung 24-Stunden-Hotline f\u00fcr Unterst\u00fctzung 24-Stunden-Pannenhilfe Unbegrenzte Kilometer Kostenlose Stornierung Stra\u00dfenkarte von Korfu Steuern &amp; Mehrwertsteuer inbegriffen 2.Reservierungen Wenn das gew\u00e4hlte Fahrzeug nicht verf\u00fcgbar ist, behalten wir uns das Recht vor, ein Fahrzeug der gleichen oder h\u00f6heren Kategorie ohne zus\u00e4tzliche Kosten bereitzustellen. 3.Fahreralter [&hellip;]<\/p>\n","protected":false},"author":1,"featured_media":0,"parent":0,"menu_order":0,"comment_status":"closed","ping_status":"closed","template":"template-terms.php","meta":{"_acf_changed":false,"inline_featured_image":false,"footnotes":""},"class_list":["post-1522","page","type-page","status-publish","hentry"],"acf":[],"_links":{"self":[{"href":"https:\/\/driveawaycorfu.com\/de\/wp-json\/wp\/v2\/pages\/1522","targetHints":{"allow":["GET"]}}],"collection":[{"href":"https:\/\/driveawaycorfu.com\/de\/wp-json\/wp\/v2\/pages"}],"about":[{"href":"https:\/\/driveawaycorfu.com\/de\/wp-json\/wp\/v2\/types\/page"}],"author":[{"embeddable":true,"href":"https:\/\/driveawaycorfu.com\/de\/wp-json\/wp\/v2\/users\/1"}],"replies":[{"embeddable":true,"href":"https:\/\/driveawaycorfu.com\/de\/wp-json\/wp\/v2\/comments?post=1522"}],"version-history":[{"count":4,"href":"https:\/\/driveawaycorfu.com\/de\/wp-json\/wp\/v2\/pages\/1522\/revisions"}],"predecessor-version":[{"id":1704,"href":"https:\/\/driveawaycorfu.com\/de\/wp-json\/wp\/v2\/pages\/1522\/revisions\/1704"}],"wp:attachment":[{"href":"https:\/\/driveawaycorfu.com\/de\/wp-json\/wp\/v2\/media?parent=1522"}],"curies":[{"name":"wp","href":"https:\/\/api.w.org\/{rel}","templated":true}]}}